{"id":29371,"date":"2024-02-13T14:14:22","date_gmt":"2024-02-13T14:14:22","guid":{"rendered":"https:\/\/theme-dev.cmsmasters.net\/dental-clone\/?page_id=29371"},"modified":"2025-11-14T09:45:21","modified_gmt":"2025-11-14T09:45:21","slug":"declaracion-de-accesibilidad","status":"publish","type":"page","link":"https:\/\/ambarmasquebelleza.es\/index.php\/declaracion-de-accesibilidad\/","title":{"rendered":"Declaraci\u00f3n de Accesibilidad"},"content":{"rendered":"\t\t<div data-elementor-type=\"wp-page\" data-elementor-id=\"29371\" class=\"elementor elementor-29371\">\n\t\t\t\t<div class=\"elementor-element elementor-element-1b66494 e-flex e-con-boxed cmsmasters-block-default e-con e-parent\" data-id=\"1b66494\" data-element_type=\"container\">\n\t\t\t\t\t<div class=\"e-con-inner\">\n\t\t\t\t<div class=\"elementor-element elementor-element-320afd5 cmsmasters-block-default cmsmasters-sticky-default elementor-widget elementor-widget-text-editor\" data-id=\"320afd5\" data-element_type=\"widget\" data-widget_type=\"text-editor.default\">\n\t\t\t\t\t\t\t\t\t<h1 data-start=\"218\" data-end=\"254\"><strong data-start=\"220\" data-end=\"252\">DECLARACI\u00d3N DE ACCESIBILIDAD<\/strong><\/h1><p data-start=\"255\" data-end=\"485\"><strong data-start=\"255\" data-end=\"280\">\u00c1mbar M\u00e1s Que Belleza<\/strong><br data-start=\"280\" data-end=\"283\" \/>Titular: <strong data-start=\"292\" data-end=\"315\">Ana Garc\u00eda Garrig\u00f3s<\/strong><br data-start=\"315\" data-end=\"318\" \/>NIF: <strong data-start=\"323\" data-end=\"336\">48614339K<\/strong><br data-start=\"336\" data-end=\"339\" \/>Direcci\u00f3n: <strong data-start=\"350\" data-end=\"415\">C\/ Calder\u00f3n de la Barca, 25 Bajo 1, 30730 San Javier (Murcia)<\/strong><br data-start=\"415\" data-end=\"418\" \/>Tel\u00e9fono: <strong data-start=\"428\" data-end=\"447\">+34 638 4374 44<\/strong><br data-start=\"447\" data-end=\"450\" \/>Email: <strong data-start=\"457\" data-end=\"485\"><a class=\"decorated-link cursor-pointer\" rel=\"noopener\" data-start=\"459\" data-end=\"483\">sandrayana11@hotmail.com<\/a><\/strong><\/p><hr data-start=\"487\" data-end=\"490\" \/><h2 data-start=\"492\" data-end=\"526\"><strong data-start=\"495\" data-end=\"526\">Compromiso de accesibilidad<\/strong><\/h2><p data-start=\"528\" data-end=\"797\">\u00c1mbar M\u00e1s Que Belleza se compromete a garantizar que su sitio web sea accesible conforme al <strong data-start=\"620\" data-end=\"646\">Real Decreto 1112\/2018<\/strong>, de 7 de septiembre, sobre accesibilidad de los sitios web y aplicaciones m\u00f3viles del sector p\u00fablico, aplicado de forma voluntaria por este sitio web.<\/p><p data-start=\"799\" data-end=\"939\">Nuestra intenci\u00f3n es facilitar la navegaci\u00f3n a todas las personas, incluidas aquellas con discapacidad visual, auditiva, cognitiva o motora.<\/p><hr data-start=\"941\" data-end=\"944\" \/><h2 data-start=\"946\" data-end=\"978\"><strong data-start=\"949\" data-end=\"978\">Situaci\u00f3n de cumplimiento<\/strong><\/h2><p data-start=\"980\" data-end=\"1148\">Este sitio web est\u00e1 <strong data-start=\"1000\" data-end=\"1025\">parcialmente conforme<\/strong> con el nivel AA de las <strong data-start=\"1049\" data-end=\"1068\">Pautas WCAG 2.1<\/strong>, debido a las excepciones y falta de conformidad que se indican a continuaci\u00f3n.<\/p><hr data-start=\"1150\" data-end=\"1153\" \/><h2 data-start=\"1155\" data-end=\"1184\"><strong data-start=\"1158\" data-end=\"1184\">Contenido no accesible<\/strong><\/h2><p data-start=\"1186\" data-end=\"1272\">El contenido que se detalla a continuaci\u00f3n no es accesible por los siguientes motivos:<\/p><h3 data-start=\"1274\" data-end=\"1325\"><strong data-start=\"1278\" data-end=\"1325\">1. Falta de conformidad con el RD 1112\/2018<\/strong><\/h3><p data-start=\"1326\" data-end=\"1340\">Puede existir:<\/p><ul data-start=\"1342\" data-end=\"1617\"><li data-start=\"1342\" data-end=\"1386\"><p data-start=\"1344\" data-end=\"1386\">Im\u00e1genes sin texto alternativo adecuado.<\/p><\/li><li data-start=\"1387\" data-end=\"1446\"><p data-start=\"1389\" data-end=\"1446\">Contrastes de color insuficientes en algunos elementos.<\/p><\/li><li data-start=\"1447\" data-end=\"1516\"><p data-start=\"1449\" data-end=\"1516\">Elementos no etiquetados correctamente para lectores de pantalla.<\/p><\/li><li data-start=\"1517\" data-end=\"1577\"><p data-start=\"1519\" data-end=\"1577\">Formularios que pueden no estar completamente adaptados.<\/p><\/li><li data-start=\"1578\" data-end=\"1617\"><p data-start=\"1580\" data-end=\"1617\">Errores puntuales de estructura HTML.<\/p><\/li><\/ul><h3 data-start=\"1619\" data-end=\"1652\"><strong data-start=\"1623\" data-end=\"1652\">2. Carga desproporcionada<\/strong><\/h3><p data-start=\"1653\" data-end=\"1663\">No aplica.<\/p><h3 data-start=\"1665\" data-end=\"1742\"><strong data-start=\"1669\" data-end=\"1742\">3. Contenidos no pertenecientes al \u00e1mbito de la legislaci\u00f3n aplicable<\/strong><\/h3><p data-start=\"1743\" data-end=\"1781\">No se aplica por el tipo de sitio web.<\/p><hr data-start=\"1783\" data-end=\"1786\" \/><h2 data-start=\"1788\" data-end=\"1833\"><strong data-start=\"1791\" data-end=\"1833\">Preparaci\u00f3n de la presente declaraci\u00f3n<\/strong><\/h2><p data-start=\"1835\" data-end=\"1900\">Esta declaraci\u00f3n fue preparada el <strong data-start=\"1869\" data-end=\"1899\">[pon aqu\u00ed la fecha actual]<\/strong>.<\/p><p data-start=\"1902\" data-end=\"2007\">El m\u00e9todo utilizado para la evaluaci\u00f3n ha sido <strong data-start=\"1949\" data-end=\"1967\">autoevaluaci\u00f3n<\/strong> realizada por la titular del sitio web.<\/p><hr data-start=\"2009\" data-end=\"2012\" \/><h2 data-start=\"2014\" data-end=\"2054\"><strong data-start=\"2017\" data-end=\"2054\">Observaciones y datos de contacto<\/strong><\/h2><p data-start=\"2056\" data-end=\"2191\">Si detectas problemas de accesibilidad en esta web o deseas hacer cualquier consulta o sugerencia, puedes ponerte en contacto mediante:<\/p><ul data-start=\"2193\" data-end=\"2345\"><li data-start=\"2193\" data-end=\"2232\"><p data-start=\"2195\" data-end=\"2232\"><strong data-start=\"2195\" data-end=\"2205\">Email:<\/strong> <a class=\"decorated-link cursor-pointer\" rel=\"noopener\" data-start=\"2206\" data-end=\"2230\">sandrayana11@hotmail.com<\/a><\/p><\/li><li data-start=\"2233\" data-end=\"2266\"><p data-start=\"2235\" data-end=\"2266\"><strong data-start=\"2235\" data-end=\"2248\">Tel\u00e9fono:<\/strong> +34 638 4374 44<\/p><\/li><li data-start=\"2267\" data-end=\"2345\"><p data-start=\"2269\" data-end=\"2345\"><strong data-start=\"2269\" data-end=\"2283\">Direcci\u00f3n:<\/strong> C\/ Calder\u00f3n de la Barca, 25 Bajo 1, 30730 San Javier (Murcia)<\/p><\/li><\/ul><p data-start=\"2347\" data-end=\"2425\">Se atender\u00e1n solicitudes y sugerencias relacionadas con accesibilidad digital.<\/p><hr data-start=\"2427\" data-end=\"2430\" \/><h2 data-start=\"2432\" data-end=\"2466\"><strong data-start=\"2435\" data-end=\"2466\">Procedimiento de aplicaci\u00f3n<\/strong><\/h2><p data-start=\"2468\" data-end=\"2689\">Si tras realizar una solicitud de accesibilidad <strong data-start=\"2516\" data-end=\"2534\">no es atendida<\/strong> o <strong data-start=\"2537\" data-end=\"2558\">no est\u00e1s conforme<\/strong> con la respuesta, puedes presentar una reclamaci\u00f3n para conocer los motivos de la denegaci\u00f3n o solicitar una actuaci\u00f3n correctora.<\/p><p data-start=\"2691\" data-end=\"2861\">El organismo competente en Espa\u00f1a es:<br data-start=\"2728\" data-end=\"2731\" \/><strong data-start=\"2731\" data-end=\"2784\">Agencia Espa\u00f1ola de Normalizaci\u00f3n y Accesibilidad<\/strong> (o, de forma general, la <strong data-start=\"2810\" data-end=\"2859\">Oficina de Atenci\u00f3n a la Discapacidad \u2013 OADIS<\/strong>).<\/p>\t\t\t\t\t\t\t\t<\/div>\n\t\t\t\t\t<\/div>\n\t\t\t\t<\/div>\n\t\t\t\t<\/div>\n\t\t","protected":false},"excerpt":{"rendered":"<p>DECLARACI\u00d3N DE ACCESIBILIDAD \u00c1mbar M\u00e1s Que BellezaTitular: Ana Garc\u00eda Garrig\u00f3sNIF: 48614339KDirecci\u00f3n: C\/ Calder\u00f3n de la Barca, 25 Bajo 1, 30730 San Javier (Murcia)Tel\u00e9fono: +34 638 4374 44Email: sandrayana11@hotmail.com Compromiso de accesibilidad \u00c1mbar M\u00e1s Que Belleza se compromete a garantizar que su sitio web sea accesible conforme al Real Decreto 1112\/2018, de 7 de septiembre, sobre&#8230;<\/p>\n","protected":false},"author":1,"featured_media":0,"parent":0,"menu_order":0,"comment_status":"closed","ping_status":"closed","template":"","meta":{"_acf_changed":false,"footnotes":""},"class_list":["post-29371","page","type-page","status-publish","hentry"],"acf":[],"_links":{"self":[{"href":"https:\/\/ambarmasquebelleza.es\/index.php\/wp-json\/wp\/v2\/pages\/29371","targetHints":{"allow":["GET"]}}],"collection":[{"href":"https:\/\/ambarmasquebelleza.es\/index.php\/wp-json\/wp\/v2\/pages"}],"about":[{"href":"https:\/\/ambarmasquebelleza.es\/index.php\/wp-json\/wp\/v2\/types\/page"}],"author":[{"embeddable":true,"href":"https:\/\/ambarmasquebelleza.es\/index.php\/wp-json\/wp\/v2\/users\/1"}],"replies":[{"embeddable":true,"href":"https:\/\/ambarmasquebelleza.es\/index.php\/wp-json\/wp\/v2\/comments?post=29371"}],"version-history":[{"count":4,"href":"https:\/\/ambarmasquebelleza.es\/index.php\/wp-json\/wp\/v2\/pages\/29371\/revisions"}],"predecessor-version":[{"id":32647,"href":"https:\/\/ambarmasquebelleza.es\/index.php\/wp-json\/wp\/v2\/pages\/29371\/revisions\/32647"}],"wp:attachment":[{"href":"https:\/\/ambarmasquebelleza.es\/index.php\/wp-json\/wp\/v2\/media?parent=29371"}],"curies":[{"name":"wp","href":"https:\/\/api.w.org\/{rel}","templated":true}]}}